{"id":10457,"date":"2017-04-28T12:57:31","date_gmt":"2017-04-28T10:57:31","guid":{"rendered":"http:\/\/www.galeriecipango.fr\/?page_id=10457"},"modified":"2018-04-25T11:12:08","modified_gmt":"2018-04-25T09:12:08","slug":"christophe-tissot-biography","status":"publish","type":"page","link":"https:\/\/www.galeriecipango.fr\/en\/christophe-tissot-biography\/","title":{"rendered":"Christophe Tissot biography"},"content":{"rendered":"<div class=\"wpb-content-wrapper\"><p>[vc_row][vc_column][vc_empty_space]<div class=\"title-center\"><div class=\"dt-title-wrapper section-title-small\"><h2 class=\"section-title\">Christophe Tissot <\/h2><span class=\"section-line\"><\/span><h4 class=\"section-tagline\">Born in 1960<\/h4><\/div><\/div>[\/vc_column][\/vc_row][vc_row][vc_column width=&#8221;1\/2&#8243;][vc_column_text]<\/p>\n<h4>TRAINING<\/h4>\n<h5><b><strong>1987<\/strong><br \/>\n<\/b>First\u00a0studio, rue d\u2019Avron, Paris<\/h5>\n<h5><b><\/b><b>De 1978 \u00e0 1985<br \/>\n<\/b>Alumnus of the Institut des Sciences Politiques in Paris.<br \/>\nReserve officer cadet at the \u00c9cole Sp\u00e9ciale Militaire de Saint-Cyr-Co\u00ebtquidan.<br \/>\nPreparatory year at the Lyc\u00e9e Fenelon, Geography degree.<\/h5>\n<h5><b>De 1970 \u00e0 1983<\/b><br \/>\n\u2022 Studied for four years with the engraver Jean-Claude Reynal, in particular the techniques of etching and dry point engraving.<br \/>\n\u2022 12 years of training at the Ateliers du Mus\u00e9e des Arts D\u00e9coratifs du Louvre under the supervision of Pierre Belv\u00e9s, director of the children\u2019s workshops, whose assistant he became in his final year.<br \/>\n\u2022 Evening classes at the \u00c9cole Boulle, drawing classes given by Herv\u00e9 T\u00e9l\u00e9maque, and classes in perspective.<\/h5>\n<h5><\/h5>\n<h5><\/h5>\n<p>[\/vc_column_text][vc_separator align=&#8221;align_left&#8221; el_width=&#8221;30&#8243;][vc_column_text]<\/p>\n<h4>SOLO EXHIBITIONS AND PERSONAL PROJECTS<\/h4>\n<h5><strong>2017<\/strong><br \/>\n<em>Les Ultimes<\/em>, Galerie Cipango, Paris.<br \/>\nInterviews with Christophe TISSOT\u00a0and the writer and journalist Bernadette COSTA-PRADES.<\/h5>\n<h5><strong>2016<\/strong><br \/>\n<em>New Signs<\/em>, Galerie Cipango, Paris.<\/h5>\n<h5><strong>2014<\/strong><br \/>\nGalerie Cipango, Paris.<\/h5>\n<h5><strong>2013<br \/>\n<\/strong><em>Black Wood<\/em>, Galerie Cipango, Paris.<\/h5>\n<h5><strong>2012 \/ 2016<br \/>\n<\/strong>R\u00e9alisation d\u2019une suite de douze grandes tapisseries <em>Les 12 Coqs,\u00a0<\/em>ateliers Pinton, Aubusson- Felletin (Creuse) d\u2019apr\u00e8s des oeuvres de 1987.<\/h5>\n<h5><strong>2012<\/strong><br \/>\n<em>Mobilis<\/em>, short film by Jacques Dutoit, performance of the dancer and choreographer Maroussia Vossen in front of four large Indian ink works from the series Trajectoire.<\/h5>\n<h5><strong>2011<br \/>\n<\/strong><em>Le Fleuve M\u00e9moire<\/em>, Coll\u00e9giale Saint-Pierre Le Puellier, Orl\u00e9ans, danced performance by Maroussia Vossen.<br \/>\n<em>Transposition<\/em>, Galerie Cipango, Paris, danced performance by\u00a0Maroussia Vossen.<\/h5>\n<h5><strong>2010 \/ 2011<br \/>\n<\/strong><em>L\u2019Ecorce de nos r\u00eaves<\/em>, Galerie Cipango, Paris.<\/h5>\n<h5><strong>2010<br \/>\n<\/strong><em>Paroles de Loup<\/em>, Galerie Cipango, Paris.<\/h5>\n<h5><strong>2008<\/strong><br \/>\n<em>Les ambassadeurs du Loup et du Chaperon Rouge<\/em>, PFI Tours<\/h5>\n<h5><strong>2007<br \/>\n<\/strong><em>Le Fleuve M\u00e9moire,\u00a0<\/em>Esplanade des Droits de l\u2019Enfant, Saint-Cyr-sur-Loire, Indre et Loire.<\/h5>\n<h5><strong>2006<\/strong><br \/>\nCreation of the Fleuve M\u00e9moire, a polyptych 30 m\/100 feet in length, in homage to the Loire and large rivers, sponsored by Allain Bougrin Dubourg, president of the\u00a0LPO.<\/h5>\n<h5><strong>2005 \/ 2010<br \/>\n<\/strong><em>Les Dragons de la Loire \u2013\u00a0<\/em>Permanent exhibition, with the backing of the Ministry of Culture, of 32 large format paintings, Centre R\u00e9gional de Canc\u00e9rologie de Tours (architect Aymeric Zublena) inaugurated by Renaud Donnedieu de Vabres, minister of Culture.<\/h5>\n<h5><strong>2004<br \/>\n<\/strong>Creation in the Corona M\u00e9dical\u00a0factory of a large format painted work,\u00a0<em>Remember.<\/em><\/h5>\n<h5><strong>2000<\/strong><br \/>\nProduction of the\u00a0<em>Mur Lion<\/em>, a fresco 126 m\/415 feet long in Singapore, inaugurated on 12 July 2000 by David Te Lim, minister of Defence, Information and the Arts.<\/h5>\n<h5><\/h5>\n<h5><\/h5>\n<p>[\/vc_column_text][vc_separator align=&#8221;align_left&#8221; el_width=&#8221;30&#8243;][\/vc_column][vc_column width=&#8221;1\/2&#8243;][vc_column_text]<\/p>\n<h5><strong>1999<\/strong><br \/>\nCreation of a jewellery theme, <em>La Vague<\/em>, for Baccarat.<\/h5>\n<h5><strong>1998<br \/>\n<\/strong>Conception of a\u00a0<em>sons et lumi\u00e8res <\/em>ballet spectacle for the Place Vend\u00f4me, Paris. This project would be pre-selected as part of the Third Millennium Festivities\u00a0 and supported by the Ministry of Culture, the Paris City Hall, and the heritage office.<\/h5>\n<h5><strong>1996<\/strong><br \/>\nInternational d\u00e9cors for Louis Vuitton windows.<\/h5>\n<h5><strong>1994<br \/>\n<\/strong>Sculpted d\u00e9cor\u00a0<em>Les Tulipes<\/em>\u00a0for the Cerruti boutiques in Paris, Tokyo, Geneva.<br \/>\n<em>Le Jardin Imaginaire<\/em>\u00a0\u2013 General curatorship of the Salon L\u2019Art du Jardin \u2013 Parc de Saint-Cloud.<\/h5>\n<div class=\"page\" title=\"Page 1\">\n<div class=\"section\">\n<div class=\"layoutArea\">\n<div class=\"column\">\n<h5><strong>1993<\/strong><br \/>\n<em>Le Cavalier Blanc<\/em>, Hugo Boss (Philippe Stark), Place des Victoires, Paris.<br \/>\nEphemeral installation, Yves Saint-Laurent Haute-Couture windows, rue du Faubourg Saint-Honor\u00e9 Paris.<\/h5>\n<h5><strong>1992<br \/>\n<\/strong><em>Les 12 dragons<\/em>, Galerie Piano Nobile, Krakow, with the help of the Institut Fran\u00e7ais.<br \/>\n<em>Il \u00e9tait une fois un coq<\/em>, Private venue, Paris.<\/h5>\n<h5><strong>1990<br \/>\n<\/strong>Essay :\u00a0<em>Carnet des m\u00e9moires oubli\u00e9es.<\/em><br \/>\nInterview with Christine Go\u00e9m\u00e9 (France-Culture) about Albert Jacquard.<\/h5>\n<h5><strong>1989<br \/>\n<\/strong><em>Images et Mouvements<\/em>, experimental spectacle, 20th anniversary of the death of O Sensei Morihei Ueshiba, Sevran.<br \/>\n<em>Mille Ans<\/em>\u00a0\u2013 Staged exhibition, studio on Rue d\u2019Avron, Paris.<\/h5>\n<h5>Paris.<\/h5>\n<h5><strong>1988<br \/>\n<\/strong><em>Les sept Cavaliers<\/em>\u00a0\u2013 Centre Culturel d\u2019Annecy.<br \/>\n<em>Les Olympionikes \u2013 Exposition sc\u00e9naris\u00e9e<\/em>, studio on Rue d\u2019Avron, Paris.<\/h5>\n<h5><strong>1987<br \/>\n<\/strong><em>La Science, l\u2019Art, la Parole et l\u2019Image<\/em>\u00a0\u2013 Discussion with Albert Jacquard\u00a0at the school of professional instruction, E.Jules Marais, in Saint-Denis.<\/h5>\n<h5><strong>1984<br \/>\n<\/strong>D\u00e9cors for a play by Marguerite Duras, \u00a0<em>Navire Night<\/em>, Cambridge University, UK.<\/h5>\n<h5><strong>1983<br \/>\n<\/strong>Project for an \u00a0<em>Atelier de l\u2019Enfance pour le Mus\u00e9e du Grand Louvre<\/em>\u00a0at the Mus\u00e9e des Arts D\u00e9coratifs.<\/h5>\n<p>&nbsp;<\/p>\n<\/div>\n<\/div>\n<\/div>\n<\/div>\n<p>[\/vc_column_text][vc_separator align=&#8221;align_left&#8221; el_width=&#8221;30&#8243;][vc_column_text]<\/p>\n<h4>GROUP EXHIBITIONS<\/h4>\n<h5><strong>2015<br \/>\n<\/strong>Museum of Arts and Design, New York, Loot 2015\u00a0&#8211; Artist\u2019s jewellery.<\/h5>\n<h5><strong>2013<\/strong><br \/>\nMuseum of Arts and Design, New York, Loot 2013 &#8211; Artist\u2019s jewellery.<\/h5>\n<h5><strong>2002<br \/>\n<\/strong><em>Le Jardin Imaginaire<\/em>, Ch\u00e2teau Beraudo de Pralormo, Turin.<\/h5>\n<p>[\/vc_column_text][\/vc_column][\/vc_row][vc_row][vc_column][vc_btn title=&#8221;BACK&#8221; shape=&#8221;round&#8221; size=&#8221;sm&#8221; align=&#8221;right&#8221; link=&#8221;url:http%3A%2F%2Fwww.galeriecipango.fr%2Fen%2Fchristophe-tissot-en%2F|||&#8221;][\/vc_column][\/vc_row]<\/p>\n<\/div>","protected":false},"excerpt":{"rendered":"<p>[vc_row][vc_column][vc_empty_space][\/vc_column][\/vc_row][vc_row][vc_column width=&#8221;1\/2&#8243;][vc_column_text] TRAINING 1987 First\u00a0studio, rue d\u2019Avron, Paris De 1978 \u00e0 1985 Alumnus of the Institut des Sciences&#8230; <a class=\"excerpt-read-more\" href=\"https:\/\/www.galeriecipango.fr\/en\/christophe-tissot-biography\/\"><span>Continue Reading<\/span><\/a><\/p>\n","protected":false},"author":1,"featured_media":0,"parent":0,"menu_order":0,"comment_status":"closed","ping_status":"closed","template":"","meta":{"footnotes":""},"class_list":["post-10457","page","type-page","status-publish","hentry"],"_links":{"self":[{"href":"https:\/\/www.galeriecipango.fr\/en\/wp-json\/wp\/v2\/pages\/10457"}],"collection":[{"href":"https:\/\/www.galeriecipango.fr\/en\/wp-json\/wp\/v2\/pages"}],"about":[{"href":"https:\/\/www.galeriecipango.fr\/en\/wp-json\/wp\/v2\/types\/page"}],"author":[{"embeddable":true,"href":"https:\/\/www.galeriecipango.fr\/en\/wp-json\/wp\/v2\/users\/1"}],"replies":[{"embeddable":true,"href":"https:\/\/www.galeriecipango.fr\/en\/wp-json\/wp\/v2\/comments?post=10457"}],"version-history":[{"count":0,"href":"https:\/\/www.galeriecipango.fr\/en\/wp-json\/wp\/v2\/pages\/10457\/revisions"}],"wp:attachment":[{"href":"https:\/\/www.galeriecipango.fr\/en\/wp-json\/wp\/v2\/media?parent=10457"}],"curies":[{"name":"wp","href":"https:\/\/api.w.org\/{rel}","templated":true}]}}