{"id":10841,"date":"2017-12-11T23:24:17","date_gmt":"2017-12-11T22:24:17","guid":{"rendered":"http:\/\/www.galeriecipango.fr\/?page_id=10841"},"modified":"2021-08-05T11:38:24","modified_gmt":"2021-08-05T09:38:24","slug":"blog","status":"publish","type":"page","link":"https:\/\/www.galeriecipango.fr\/en\/blog\/","title":{"rendered":"BLOG"},"content":{"rendered":"<div class=\"wpb-content-wrapper\"><p>[vc_row][vc_column][vc_empty_space]<div class=\"title-center\"><div class=\"dt-title-wrapper section-title-small\"><h2 class=\"section-title\">BLOG<\/h2><span class=\"section-line\"><\/span><\/div><\/div>[vc_empty_space][\/vc_column][\/vc_row][vc_row][vc_column]<div class=\"dt-blog-grid-shortcode\"><section id=\"dt-blog-grid-dce\" class=\"dt-blog-shortcode on-two-columns \" data-token=\"SHlLW\"><div class=\"blog-grid-content\"><div class=\"gutter-sizer\"><\/div>\n\n<article id=\"post-11592\" class=\"grid-item post-11592 post type-post status-publish format-gallery has-post-thumbnail hentry category-artist post_format-post-format-gallery\">\n\n\n\t\t\t\t\t<div class=\"post-thumbnail\">\n\t\t\t\t\t<a href=\"https:\/\/www.galeriecipango.fr\/en\/the-secret-of-paper\/\">\n\t\t\t\t\t\t<img loading=\"lazy\" decoding=\"async\" width=\"500\" height=\"667\" src=\"https:\/\/www.galeriecipango.fr\/wp-content\/uploads\/2018\/09\/galerie-cipango-christophe-tissot-vue-atelier-1.jpg\" class=\"attachment-dazzle-blog-grid-thumbnail size-dazzle-blog-grid-thumbnail wp-post-image\" alt=\"\" srcset=\"https:\/\/www.galeriecipango.fr\/wp-content\/uploads\/2018\/09\/galerie-cipango-christophe-tissot-vue-atelier-1.jpg 500w, https:\/\/www.galeriecipango.fr\/wp-content\/uploads\/2018\/09\/galerie-cipango-christophe-tissot-vue-atelier-1-300x400.jpg 300w, https:\/\/www.galeriecipango.fr\/wp-content\/uploads\/2018\/09\/galerie-cipango-christophe-tissot-vue-atelier-1-225x300.jpg 225w\" sizes=\"(max-width: 500px) 100vw, 500px\" \/>\t\t\t\t\t\t\t\t\t\t\n\t\t\t\t\t<\/a>\n\t\t\t\t<\/div><!--end post-thumbnail-->\t\t\n\t\t\t\t\t<header class=\"entry-header\">\n\t\t\t<div class=\"entry-meta\">\n\t\t\t\t<span class=\"posted-on\"><time class=\"entry-date published\" datetime=\"2020-05-27T10:49:50+02:00\">27 May 2020<\/time><time class=\"updated\" datetime=\"2020-05-27T10:50:15+02:00\">27 May 2020<\/time><\/span>\t\t\t<\/div><!-- .entry-meta -->\n\t\t\t\t\t\t\t\t\n\t\t\t<h3 class=\"entry-title\"><a href=\"https:\/\/www.galeriecipango.fr\/en\/the-secret-of-paper\/\" rel=\"bookmark\"><span>The Secret of Paper<\/span><\/a><\/h3>\n\t\t<\/header><!-- .entry-header -->\n\n\t\t<span class=\"cat-links\"><a href=\"https:\/\/www.galeriecipango.fr\/en\/category\/artist\/\" rel=\"category tag\">ARTIST<\/a><\/span>\t\n\n\t\t<footer class=\"entry-footer\">\n\t\t\t\t\t<\/footer><!-- .entry-footer -->\n\t<\/article>\n\n<article id=\"post-11500\" class=\"grid-item post-11500 post type-post status-publish format-gallery has-post-thumbnail hentry category-artist post_format-post-format-gallery\">\n\n\n\t\t\t\t\t<div class=\"post-thumbnail\">\n\t\t\t\t\t<a href=\"https:\/\/www.galeriecipango.fr\/en\/art-interview-conversation-with-christophe-tissot-and-fanny-revault\/\">\n\t\t\t\t\t\t<img loading=\"lazy\" decoding=\"async\" width=\"640\" height=\"936\" src=\"https:\/\/www.galeriecipango.fr\/wp-content\/uploads\/2020\/05\/Christophe-Tissot-peinture-encre-oeuvre-sur-papier-grand-format-galerie-C-ipango-serie-Invisible-Days-2013-2015PF--640x936.jpg\" class=\"attachment-dazzle-blog-grid-thumbnail size-dazzle-blog-grid-thumbnail wp-post-image\" alt=\"\" srcset=\"https:\/\/www.galeriecipango.fr\/wp-content\/uploads\/2020\/05\/Christophe-Tissot-peinture-encre-oeuvre-sur-papier-grand-format-galerie-C-ipango-serie-Invisible-Days-2013-2015PF--640x936.jpg 640w, https:\/\/www.galeriecipango.fr\/wp-content\/uploads\/2020\/05\/Christophe-Tissot-peinture-encre-oeuvre-sur-papier-grand-format-galerie-C-ipango-serie-Invisible-Days-2013-2015PF--600x877.jpg 600w, https:\/\/www.galeriecipango.fr\/wp-content\/uploads\/2020\/05\/Christophe-Tissot-peinture-encre-oeuvre-sur-papier-grand-format-galerie-C-ipango-serie-Invisible-Days-2013-2015PF--205x300.jpg 205w, https:\/\/www.galeriecipango.fr\/wp-content\/uploads\/2020\/05\/Christophe-Tissot-peinture-encre-oeuvre-sur-papier-grand-format-galerie-C-ipango-serie-Invisible-Days-2013-2015PF--650x950.jpg 650w, https:\/\/www.galeriecipango.fr\/wp-content\/uploads\/2020\/05\/Christophe-Tissot-peinture-encre-oeuvre-sur-papier-grand-format-galerie-C-ipango-serie-Invisible-Days-2013-2015PF-.jpg 684w\" sizes=\"(max-width: 640px) 100vw, 640px\" \/>\t\t\t\t\t\t\t\t\t\t\n\t\t\t\t\t<\/a>\n\t\t\t\t<\/div><!--end post-thumbnail-->\t\t\n\t\t\t\t\t<header class=\"entry-header\">\n\t\t\t<div class=\"entry-meta\">\n\t\t\t\t<span class=\"posted-on\"><time class=\"entry-date published\" datetime=\"2020-05-19T19:25:28+02:00\">19 May 2020<\/time><time class=\"updated\" datetime=\"2020-06-02T19:47:47+02:00\">2 June 2020<\/time><\/span>\t\t\t<\/div><!-- .entry-meta -->\n\t\t\t\t\t\t\t\t\n\t\t\t<h3 class=\"entry-title\"><a href=\"https:\/\/www.galeriecipango.fr\/en\/art-interview-conversation-with-christophe-tissot-and-fanny-revault\/\" rel=\"bookmark\"><span>Art Interview &#8211; Conversation with Christophe Tissot and Fanny Revault<\/span><\/a><\/h3>\n\t\t<\/header><!-- .entry-header -->\n\n\t\t<span class=\"cat-links\"><a href=\"https:\/\/www.galeriecipango.fr\/en\/category\/artist\/\" rel=\"category tag\">ARTIST<\/a><\/span>\t\n\n\t\t<footer class=\"entry-footer\">\n\t\t\t\t\t<\/footer><!-- .entry-footer -->\n\t<\/article>\n\n<article id=\"post-11055\" class=\"grid-item post-11055 post type-post status-publish format-gallery has-post-thumbnail hentry category-artist post_format-post-format-gallery\">\n\n\n\t\t\t\t\t<div class=\"post-thumbnail\">\n\t\t\t\t\t<a href=\"https:\/\/www.galeriecipango.fr\/en\/vi-an-interview-about-making-artist-jewelry\/\">\n\t\t\t\t\t\t<img loading=\"lazy\" decoding=\"async\" width=\"640\" height=\"853\" src=\"https:\/\/www.galeriecipango.fr\/wp-content\/uploads\/2018\/07\/christophe-tissot-bijoux-d-artiste-640x853.jpg\" class=\"attachment-dazzle-blog-grid-thumbnail size-dazzle-blog-grid-thumbnail wp-post-image\" alt=\"\" srcset=\"https:\/\/www.galeriecipango.fr\/wp-content\/uploads\/2018\/07\/christophe-tissot-bijoux-d-artiste-640x853.jpg 640w, https:\/\/www.galeriecipango.fr\/wp-content\/uploads\/2018\/07\/christophe-tissot-bijoux-d-artiste-300x400.jpg 300w, https:\/\/www.galeriecipango.fr\/wp-content\/uploads\/2018\/07\/christophe-tissot-bijoux-d-artiste-600x800.jpg 600w, https:\/\/www.galeriecipango.fr\/wp-content\/uploads\/2018\/07\/christophe-tissot-bijoux-d-artiste-225x300.jpg 225w, https:\/\/www.galeriecipango.fr\/wp-content\/uploads\/2018\/07\/christophe-tissot-bijoux-d-artiste-650x866.jpg 650w, https:\/\/www.galeriecipango.fr\/wp-content\/uploads\/2018\/07\/christophe-tissot-bijoux-d-artiste.jpg 700w\" sizes=\"(max-width: 640px) 100vw, 640px\" \/>\t\t\t\t\t\t\t\t\t\t\n\t\t\t\t\t<\/a>\n\t\t\t\t<\/div><!--end post-thumbnail-->\t\t\n\t\t\t\t\t<header class=\"entry-header\">\n\t\t\t<div class=\"entry-meta\">\n\t\t\t\t<span class=\"posted-on\"><time class=\"entry-date published\" datetime=\"2018-07-05T15:41:32+02:00\">5 July 2018<\/time><time class=\"updated\" datetime=\"2018-09-18T23:37:06+02:00\">18 September 2018<\/time><\/span>\t\t\t<\/div><!-- .entry-meta -->\n\t\t\t\t\t\t\t\t\n\t\t\t<h3 class=\"entry-title\"><a href=\"https:\/\/www.galeriecipango.fr\/en\/vi-an-interview-about-making-artist-jewelry\/\" rel=\"bookmark\"><span>II &#8211; Conversation about &#8230; making artist jewelry &#8211; Christophe Tissot &#038; Bernadette Costa-Prades<\/span><\/a><\/h3>\n\t\t<\/header><!-- .entry-header -->\n\n\t\t<span class=\"cat-links\"><a href=\"https:\/\/www.galeriecipango.fr\/en\/category\/artist\/\" rel=\"category tag\">ARTIST<\/a><\/span>\t\n\n\t\t<footer class=\"entry-footer\">\n\t\t\t\t\t<\/footer><!-- .entry-footer -->\n\t<\/article>\n\n<article id=\"post-10979\" class=\"grid-item post-10979 post type-post status-publish format-quote hentry category-artist post_format-post-format-quote\">\n\n\n\t\t\t<div class=\"quote-box\">\n\t\t\t<p>\u2018\u2019Un peintre, c\u2019est quelqu\u2019un qui essuie la vitre entre le monde et nous\r\navec de la lumi\u00e8re, avec un chiffon de lumi\u00e8re imbib\u00e9 de silence.\u2019&#039;<\/p>\n\t\t\t<span>Christian Bobin, L\u2019inesp\u00e9r\u00e9e - Gallimard 1994<\/span>\n\t\t<\/div>\t\t\n\t<\/article>\n\n<article id=\"post-10846\" class=\"grid-item post-10846 post type-post status-publish format-gallery has-post-thumbnail hentry category-artist post_format-post-format-gallery\">\n\n\n\t\t\t\t\t<div class=\"post-thumbnail\">\n\t\t\t\t\t<a href=\"https:\/\/www.galeriecipango.fr\/en\/interviews-tissot-bernadette-costa-prades\/\">\n\t\t\t\t\t\t<img loading=\"lazy\" decoding=\"async\" width=\"640\" height=\"736\" src=\"https:\/\/www.galeriecipango.fr\/wp-content\/uploads\/2017\/12\/christophe-tissot-serie-champs-d-oiseaux-2017-bis-640x736.jpg\" class=\"attachment-dazzle-blog-grid-thumbnail size-dazzle-blog-grid-thumbnail wp-post-image\" alt=\"\" srcset=\"https:\/\/www.galeriecipango.fr\/wp-content\/uploads\/2017\/12\/christophe-tissot-serie-champs-d-oiseaux-2017-bis-640x736.jpg 640w, https:\/\/www.galeriecipango.fr\/wp-content\/uploads\/2017\/12\/christophe-tissot-serie-champs-d-oiseaux-2017-bis-600x690.jpg 600w, https:\/\/www.galeriecipango.fr\/wp-content\/uploads\/2017\/12\/christophe-tissot-serie-champs-d-oiseaux-2017-bis-261x300.jpg 261w, https:\/\/www.galeriecipango.fr\/wp-content\/uploads\/2017\/12\/christophe-tissot-serie-champs-d-oiseaux-2017-bis-768x883.jpg 768w, https:\/\/www.galeriecipango.fr\/wp-content\/uploads\/2017\/12\/christophe-tissot-serie-champs-d-oiseaux-2017-bis.jpg 800w\" sizes=\"(max-width: 640px) 100vw, 640px\" \/>\t\t\t\t\t\t\t\t\t\t\n\t\t\t\t\t<\/a>\n\t\t\t\t<\/div><!--end post-thumbnail-->\t\t\n\t\t\t\t\t<header class=\"entry-header\">\n\t\t\t<div class=\"entry-meta\">\n\t\t\t\t<span class=\"posted-on\"><time class=\"entry-date published\" datetime=\"2017-12-11T23:32:34+01:00\">11 December 2017<\/time><time class=\"updated\" datetime=\"2020-05-26T19:10:12+02:00\">26 May 2020<\/time><\/span>\t\t\t<\/div><!-- .entry-meta -->\n\t\t\t\t\t\t\t\t\n\t\t\t<h3 class=\"entry-title\"><a href=\"https:\/\/www.galeriecipango.fr\/en\/interviews-tissot-bernadette-costa-prades\/\" rel=\"bookmark\"><span>I \u2013 Conversation about \u2026 painting &#8211; Christophe Tissot &#038; Bernadette Costa-Prades<\/span><\/a><\/h3>\n\t\t<\/header><!-- .entry-header -->\n\n\t\t<span class=\"cat-links\"><a href=\"https:\/\/www.galeriecipango.fr\/en\/category\/artist\/\" rel=\"category tag\">ARTIST<\/a><\/span>\t\n\n\t\t<footer class=\"entry-footer\">\n\t\t\t\t\t<\/footer><!-- .entry-footer -->\n\t<\/article><\/div><\/section><\/div>[\/vc_column][\/vc_row]<\/p>\n<\/div>","protected":false},"excerpt":{"rendered":"<p>[vc_row][vc_column][vc_empty_space][vc_empty_space][\/vc_column][\/vc_row][vc_row][vc_column][\/vc_column][\/vc_row]<\/p>\n","protected":false},"author":1,"featured_media":0,"parent":0,"menu_order":0,"comment_status":"closed","ping_status":"closed","template":"","meta":{"footnotes":""},"class_list":["post-10841","page","type-page","status-publish","hentry"],"_links":{"self":[{"href":"https:\/\/www.galeriecipango.fr\/en\/wp-json\/wp\/v2\/pages\/10841"}],"collection":[{"href":"https:\/\/www.galeriecipango.fr\/en\/wp-json\/wp\/v2\/pages"}],"about":[{"href":"https:\/\/www.galeriecipango.fr\/en\/wp-json\/wp\/v2\/types\/page"}],"author":[{"embeddable":true,"href":"https:\/\/www.galeriecipango.fr\/en\/wp-json\/wp\/v2\/users\/1"}],"replies":[{"embeddable":true,"href":"https:\/\/www.galeriecipango.fr\/en\/wp-json\/wp\/v2\/comments?post=10841"}],"version-history":[{"count":0,"href":"https:\/\/www.galeriecipango.fr\/en\/wp-json\/wp\/v2\/pages\/10841\/revisions"}],"wp:attachment":[{"href":"https:\/\/www.galeriecipango.fr\/en\/wp-json\/wp\/v2\/media?parent=10841"}],"curies":[{"name":"wp","href":"https:\/\/api.w.org\/{rel}","templated":true}]}}