{"id":25008,"date":"2021-10-12T16:47:55","date_gmt":"2021-10-12T14:47:55","guid":{"rendered":"https:\/\/www.galeriecipango.fr\/tianjun-li\/"},"modified":"2021-10-13T19:52:02","modified_gmt":"2021-10-13T17:52:02","slug":"tianjun-li","status":"publish","type":"page","link":"https:\/\/www.galeriecipango.fr\/en\/tianjun-li\/","title":{"rendered":"Tianjun Li"},"content":{"rendered":"<div class=\"wpb-content-wrapper\"><p>[vc_row][vc_column width=&#8221;1\/3&#8243;][vc_single_image image=&#8221;25064&#8243; img_size=&#8221;250&#215;250&#8243;][\/vc_column][vc_column width=&#8221;2\/3&#8243;][vc_column_text]<\/p>\n<p class=\"p1\" style=\"text-align: justify;\"><b>LI Tianjun <\/b>est un jeune photographe chinois n\u00e9 en 1999 \u00e0 Huizhou. Il explore la diversit\u00e9 et la cr\u00e9ativit\u00e9 de la photographie et tente de cr\u00e9er une nouvelle dimension visuelle entre la photographie et la peinture. Sa pratique artistique se concentre actuellement, sur la possibilit\u00e9 de coexistence de multiples sujets photographiques . Dans ses oeuvres, Il cr\u00e9e ainsi des blocs harmonieux en superposant, en r\u00e9organisant et en m\u00e9langeant divers \u00e9l\u00e9ments. La musique et les pochettes d&#8217;albums sont \u00e9galement une inspiration tr\u00e8s importante dans le processus de construction de son univers esth\u00e9tique.<\/p>\n<p>En plus de travailler sur ses propres projets artistiques, Tianjun LI r\u00e9alise des \u0153uvres visuelles en tant que photographe ind\u00e9pendant pour des musiciens et des c\u00e9l\u00e9brit\u00e9s du monde entier, tels que Maximilian HECKER, Talos, SU Yunying, Akini JING, Tia Ray, Plusone WANG, JIAO Maiqi.<\/p>\n<p>[\/vc_column_text][\/vc_column][\/vc_row]<\/p>\n<\/div>","protected":false},"excerpt":{"rendered":"<p>[vc_row][vc_column width=&#8221;1\/3&#8243;][vc_single_image image=&#8221;25064&#8243; img_size=&#8221;250&#215;250&#8243;][\/vc_column][vc_column width=&#8221;2\/3&#8243;][vc_column_text] LI Tianjun est un jeune photographe chinois n\u00e9 en 1999 \u00e0 Huizhou. Il&#8230; <a class=\"excerpt-read-more\" href=\"https:\/\/www.galeriecipango.fr\/en\/tianjun-li\/\"><span>Continue Reading<\/span><\/a><\/p>\n","protected":false},"author":1,"featured_media":0,"parent":0,"menu_order":0,"comment_status":"closed","ping_status":"closed","template":"","meta":{"footnotes":""},"class_list":["post-25008","page","type-page","status-publish","hentry"],"_links":{"self":[{"href":"https:\/\/www.galeriecipango.fr\/en\/wp-json\/wp\/v2\/pages\/25008"}],"collection":[{"href":"https:\/\/www.galeriecipango.fr\/en\/wp-json\/wp\/v2\/pages"}],"about":[{"href":"https:\/\/www.galeriecipango.fr\/en\/wp-json\/wp\/v2\/types\/page"}],"author":[{"embeddable":true,"href":"https:\/\/www.galeriecipango.fr\/en\/wp-json\/wp\/v2\/users\/1"}],"replies":[{"embeddable":true,"href":"https:\/\/www.galeriecipango.fr\/en\/wp-json\/wp\/v2\/comments?post=25008"}],"version-history":[{"count":0,"href":"https:\/\/www.galeriecipango.fr\/en\/wp-json\/wp\/v2\/pages\/25008\/revisions"}],"wp:attachment":[{"href":"https:\/\/www.galeriecipango.fr\/en\/wp-json\/wp\/v2\/media?parent=25008"}],"curies":[{"name":"wp","href":"https:\/\/api.w.org\/{rel}","templated":true}]}}